{"id":28,"date":"2014-08-29T13:43:37","date_gmt":"2014-08-29T13:43:37","guid":{"rendered":"http:\/\/www.ticarieslestirmedernegi.org\/?page_id=28"},"modified":"2025-04-16T00:58:58","modified_gmt":"2025-04-15T21:58:58","slug":"is-birlikleri","status":"publish","type":"page","link":"https:\/\/www.niatr.org\/tr\/is-birlikleri\/","title":{"rendered":"\u0130\u015f Birlikleri"},"content":{"rendered":"<p>[et_pb_section fb_built=&#8221;1&#8243; fullwidth=&#8221;on&#8221; custom_padding_last_edited=&#8221;on|desktop&#8221; admin_label=&#8221;section&#8221; _builder_version=&#8221;4.16&#8243; background_color=&#8221;#e4f2f6&#8243; custom_padding_tablet=&#8221;50px|0|50px|0&#8243; custom_padding_phone=&#8221;&#8221; padding_mobile=&#8221;off&#8221; global_colors_info=&#8221;{}&#8221;][et_pb_fullwidth_header title=&#8221;\u0130\u015f Birlikleri&#8221; subhead=&#8221;Kurumlar&#8221; content_max_width=&#8221;none&#8221; admin_label=&#8221;Tam geni\u015flik Ba\u015fl\u0131\u011f\u0131&#8221; _builder_version=&#8221;4.16&#8243; background_color=&#8221;rgba(255, 255, 255, 0)&#8221; background_layout=&#8221;light&#8221; global_colors_info=&#8221;{}&#8221; button_one_text_size__hover_enabled=&#8221;off&#8221; button_two_text_size__hover_enabled=&#8221;off&#8221; button_one_text_color__hover_enabled=&#8221;off&#8221; button_two_text_color__hover_enabled=&#8221;off&#8221; button_one_border_width__hover_enabled=&#8221;off&#8221; button_two_border_width__hover_enabled=&#8221;off&#8221; button_one_border_color__hover_enabled=&#8221;off&#8221; button_two_border_color__hover_enabled=&#8221;off&#8221; button_one_border_radius__hover_enabled=&#8221;off&#8221; button_two_border_radius__hover_enabled=&#8221;off&#8221; button_one_letter_spacing__hover_enabled=&#8221;off&#8221; button_two_letter_spacing__hover_enabled=&#8221;off&#8221; button_one_bg_color__hover_enabled=&#8221;off&#8221; button_two_bg_color__hover_enabled=&#8221;off&#8221;][\/et_pb_fullwidth_header][\/et_pb_section][et_pb_section fb_built=&#8221;1&#8243; custom_padding_last_edited=&#8221;on|desktop&#8221; admin_label=&#8221;section&#8221; _builder_version=&#8221;4.16&#8243; custom_padding_tablet=&#8221;50px|0|50px|0&#8243; custom_padding_phone=&#8221;&#8221; padding_mobile=&#8221;off&#8221; global_colors_info=&#8221;{}&#8221;][et_pb_row padding_mobile=&#8221;off&#8221; column_padding_mobile=&#8221;on&#8221; admin_label=&#8221;Row&#8221; module_class=&#8221;col4row&#8221; _builder_version=&#8221;4.16&#8243; background_size=&#8221;initial&#8221; background_position=&#8221;top_left&#8221; background_repeat=&#8221;repeat&#8221; global_colors_info=&#8221;{}&#8221;][et_pb_column type=&#8221;4_4&#8243; _builder_version=&#8221;4.16&#8243; custom_padding=&#8221;|||&#8221; global_colors_info=&#8221;{}&#8221; custom_padding__hover=&#8221;|||&#8221;][et_pb_blurb title=&#8221;GIIN&#8221; url=&#8221;http:\/\/giin.fr\/&#8221; url_new_window=&#8221;on&#8221; image=&#8221;https:\/\/www.niatr.org\/wp-content\/uploads\/2014\/11\/logo_giin143.png&#8221; image_icon_width=&#8221;none&#8221; admin_label=&#8221;Blurb&#8221; _builder_version=&#8221;4.16&#8243; background_size=&#8221;initial&#8221; background_position=&#8221;top_left&#8221; background_repeat=&#8221;repeat&#8221; text_orientation=&#8221;center&#8221; image_max_width=&#8221;none&#8221; global_colors_info=&#8221;{}&#8221;][\/et_pb_blurb][et_pb_blurb title=&#8221;Nuclear Industry Association&#8221; url=&#8221;http:\/\/www.niauk.org\/&#8221; url_new_window=&#8221;on&#8221; image=&#8221;https:\/\/www.niatr.org\/wp-content\/uploads\/2014\/11\/logo-nia.png&#8221; image_icon_width=&#8221;none&#8221; admin_label=&#8221;Blurb&#8221; _builder_version=&#8221;4.16&#8243; background_size=&#8221;initial&#8221; background_position=&#8221;top_left&#8221; background_repeat=&#8221;repeat&#8221; text_orientation=&#8221;center&#8221; image_max_width=&#8221;none&#8221; global_colors_info=&#8221;{}&#8221;][\/et_pb_blurb][et_pb_blurb title=&#8221;SFEN&#8221; url=&#8221;http:\/\/www.sfen.org\/&#8221; url_new_window=&#8221;on&#8221; image=&#8221;https:\/\/www.niatr.org\/wp-content\/uploads\/2014\/11\/logo_sfen.png&#8221; image_icon_width=&#8221;none&#8221; admin_label=&#8221;sfen&#8221; _builder_version=&#8221;4.16&#8243; background_size=&#8221;initial&#8221; background_position=&#8221;top_left&#8221; background_repeat=&#8221;repeat&#8221; text_orientation=&#8221;center&#8221; image_max_width=&#8221;none&#8221; global_colors_info=&#8221;{}&#8221;][\/et_pb_blurb][et_pb_blurb title=&#8221;OCI&#8221; url=&#8221;https:\/\/oci-aic.org\/&#8221; url_new_window=&#8221;on&#8221; image=&#8221;https:\/\/www.niatr.org\/wp-content\/uploads\/2014\/08\/logo-oci.png&#8221; image_icon_width=&#8221;none&#8221; admin_label=&#8221;Blurb&#8221; _builder_version=&#8221;4.16&#8243; background_size=&#8221;initial&#8221; background_position=&#8221;top_left&#8221; background_repeat=&#8221;repeat&#8221; text_orientation=&#8221;center&#8221; image_max_width=&#8221;none&#8221; global_colors_info=&#8221;{}&#8221;][\/et_pb_blurb][et_pb_blurb title=&#8221;Bulatom Bulgarian Atomic Forum&#8221; url=&#8221;http:\/\/www.bulatom-bg.org\/&#8221; url_new_window=&#8221;on&#8221; image=&#8221;https:\/\/www.niatr.org\/wp-content\/uploads\/2014\/08\/logo-bulatom.png&#8221; image_icon_width=&#8221;none&#8221; admin_label=&#8221;Blurb&#8221; _builder_version=&#8221;4.16&#8243; background_size=&#8221;initial&#8221; background_position=&#8221;top_left&#8221; background_repeat=&#8221;repeat&#8221; text_orientation=&#8221;center&#8221; image_max_width=&#8221;none&#8221; global_colors_info=&#8221;{}&#8221;][\/et_pb_blurb][et_pb_blurb title=&#8221;The Romanian Association \u201cNuclear Energy\u201d&#8221; url=&#8221;http:\/\/aren.ro\/en\/&#8221; url_new_window=&#8221;on&#8221; image=&#8221;https:\/\/www.niatr.org\/wp-content\/uploads\/2014\/08\/logo-aren.png&#8221; image_icon_width=&#8221;none&#8221; admin_label=&#8221;Blurb&#8221; _builder_version=&#8221;4.16&#8243; background_size=&#8221;initial&#8221; background_position=&#8221;top_left&#8221; background_repeat=&#8221;repeat&#8221; text_orientation=&#8221;center&#8221; image_max_width=&#8221;none&#8221; global_colors_info=&#8221;{}&#8221;][\/et_pb_blurb][et_pb_blurb title=&#8221;United States Nuclear Infrastructure Council&#8221; url=&#8221;http:\/\/www.usnic.org\/&#8221; url_new_window=&#8221;on&#8221; image=&#8221;https:\/\/www.niatr.org\/wp-content\/uploads\/2014\/08\/logo-nic.png&#8221; image_icon_width=&#8221;none&#8221; admin_label=&#8221;Blurb&#8221; _builder_version=&#8221;4.16&#8243; background_size=&#8221;initial&#8221; background_position=&#8221;top_left&#8221; background_repeat=&#8221;repeat&#8221; text_orientation=&#8221;center&#8221; image_max_width=&#8221;none&#8221; global_colors_info=&#8221;{}&#8221;][\/et_pb_blurb][et_pb_blurb title=&#8221;Spanish Nuclear Group for Cooperation&#8221; url_new_window=&#8221;on&#8221; image=&#8221;https:\/\/www.niatr.org\/wp-content\/uploads\/2020\/06\/logo-sngc.png&#8221; image_icon_width=&#8221;none&#8221; admin_label=&#8221;Spanish Nuclear Group for Cooperation SNGC&#8221; _builder_version=&#8221;4.16&#8243; background_size=&#8221;initial&#8221; background_position=&#8221;top_left&#8221; background_repeat=&#8221;repeat&#8221; text_orientation=&#8221;center&#8221; image_max_width=&#8221;none&#8221; global_colors_info=&#8221;{}&#8221;][\/et_pb_blurb][et_pb_blurb title=&#8221;UNF Association&#8221; url_new_window=&#8221;on&#8221; image=&#8221;https:\/\/www.niatr.org\/wp-content\/uploads\/2020\/06\/logo-UNF.png&#8221; image_icon_width=&#8221;none&#8221; admin_label=&#8221;UNF Association&#8221; _builder_version=&#8221;4.16&#8243; background_size=&#8221;initial&#8221; background_position=&#8221;top_left&#8221; background_repeat=&#8221;repeat&#8221; text_orientation=&#8221;center&#8221; image_max_width=&#8221;none&#8221; global_colors_info=&#8221;{}&#8221;][\/et_pb_blurb][et_pb_blurb title=&#8221;Wales Nuclear Forum&#8221; url_new_window=&#8221;on&#8221; image=&#8221;https:\/\/www.niatr.org\/wp-content\/uploads\/2020\/06\/logo-WNF.png&#8221; image_icon_width=&#8221;none&#8221; admin_label=&#8221;Wales Nuclear Forum&#8221; _builder_version=&#8221;4.16&#8243; background_size=&#8221;initial&#8221; background_position=&#8221;top_left&#8221; background_repeat=&#8221;repeat&#8221; text_orientation=&#8221;center&#8221; image_max_width=&#8221;none&#8221; global_colors_info=&#8221;{}&#8221;][\/et_pb_blurb][et_pb_blurb title=&#8221;AIN&#8221; url_new_window=&#8221;on&#8221; image=&#8221;https:\/\/www.niatr.org\/wp-content\/uploads\/2020\/06\/logo-aIn.png&#8221; image_icon_width=&#8221;none&#8221; admin_label=&#8221;AIN&#8221; _builder_version=&#8221;4.16&#8243; background_size=&#8221;initial&#8221; background_position=&#8221;top_left&#8221; background_repeat=&#8221;repeat&#8221; text_orientation=&#8221;center&#8221; image_max_width=&#8221;none&#8221; global_colors_info=&#8221;{}&#8221;][\/et_pb_blurb][et_pb_blurb title=&#8221;Agoria&#8221; url_new_window=&#8221;on&#8221; image=&#8221;https:\/\/www.niatr.org\/wp-content\/uploads\/2020\/06\/logo-agoria.png&#8221; image_icon_width=&#8221;none&#8221; admin_label=&#8221;Agoria&#8221; _builder_version=&#8221;4.16&#8243; background_size=&#8221;initial&#8221; background_position=&#8221;top_left&#8221; background_repeat=&#8221;repeat&#8221; text_orientation=&#8221;center&#8221; image_max_width=&#8221;none&#8221; global_colors_info=&#8221;{}&#8221;][\/et_pb_blurb][et_pb_blurb title=&#8221;Czech Nuclear Society&#8221; url_new_window=&#8221;on&#8221; image=&#8221;https:\/\/www.niatr.org\/wp-content\/uploads\/2020\/06\/logo-cns.png&#8221; image_icon_width=&#8221;none&#8221; admin_label=&#8221;Czech Nuclear Society&#8221; _builder_version=&#8221;4.16&#8243; background_size=&#8221;initial&#8221; background_position=&#8221;top_left&#8221; background_repeat=&#8221;repeat&#8221; text_orientation=&#8221;center&#8221; image_max_width=&#8221;none&#8221; global_colors_info=&#8221;{}&#8221;][\/et_pb_blurb][et_pb_blurb title=&#8221;Niasa&#8221; url_new_window=&#8221;on&#8221; image=&#8221;https:\/\/www.niatr.org\/wp-content\/uploads\/2020\/06\/logo-niasa.png&#8221; image_icon_width=&#8221;none&#8221; admin_label=&#8221;Niasa&#8221; _builder_version=&#8221;4.16&#8243; background_size=&#8221;initial&#8221; background_position=&#8221;top_left&#8221; background_repeat=&#8221;repeat&#8221; text_orientation=&#8221;center&#8221; image_max_width=&#8221;none&#8221; global_colors_info=&#8221;{}&#8221;][\/et_pb_blurb][et_pb_blurb title=&#8221;Cinc&#8221; url_new_window=&#8221;on&#8221; image=&#8221;https:\/\/www.niatr.org\/wp-content\/uploads\/2020\/06\/logo-cinc.png&#8221; image_icon_width=&#8221;none&#8221; admin_label=&#8221;Cinc&#8221; _builder_version=&#8221;4.16&#8243; background_size=&#8221;initial&#8221; background_position=&#8221;top_left&#8221; background_repeat=&#8221;repeat&#8221; text_orientation=&#8221;center&#8221; image_max_width=&#8221;none&#8221; global_colors_info=&#8221;{}&#8221;][\/et_pb_blurb][et_pb_blurb title=&#8221;ASO N\u00dcKSAK&#8221; url_new_window=&#8221;on&#8221; image=&#8221;https:\/\/www.niatr.org\/wp-content\/uploads\/2020\/06\/logo-aso-nuksak.png&#8221; image_icon_width=&#8221;none&#8221; admin_label=&#8221;ASO N\u00dcKSAK&#8221; _builder_version=&#8221;4.16&#8243; background_size=&#8221;initial&#8221; background_position=&#8221;top_left&#8221; background_repeat=&#8221;repeat&#8221; text_orientation=&#8221;center&#8221; image_max_width=&#8221;none&#8221; global_colors_info=&#8221;{}&#8221;][\/et_pb_blurb][et_pb_blurb title=&#8221;FinNuclear RY&#8221; url_new_window=&#8221;on&#8221; image=&#8221;https:\/\/www.niatr.org\/wp-content\/uploads\/2020\/07\/logo-finnuclear.png&#8221; image_icon_width=&#8221;none&#8221; admin_label=&#8221;FinNuclear RY&#8221; _builder_version=&#8221;4.19.3&#8243; background_size=&#8221;initial&#8221; background_position=&#8221;top_left&#8221; background_repeat=&#8221;repeat&#8221; text_orientation=&#8221;center&#8221; hover_enabled=&#8221;0&#8243; image_max_width=&#8221;none&#8221; global_colors_info=&#8221;{}&#8221; title_text=&#8221;logo-finnuclear&#8221; sticky_enabled=&#8221;0&#8243;][\/et_pb_blurb][et_pb_blurb title=&#8221;FinNuclear RY&#8221; url_new_window=&#8221;on&#8221; image=&#8221;https:\/\/www.niatr.org\/wp-content\/uploads\/2020\/07\/logo-foro-nuclear.png&#8221; image_icon_width=&#8221;none&#8221; admin_label=&#8221;FinNuclear RY&#8221; _builder_version=&#8221;4.19.3&#8243; background_size=&#8221;initial&#8221; background_position=&#8221;top_left&#8221; background_repeat=&#8221;repeat&#8221; text_orientation=&#8221;center&#8221; hover_enabled=&#8221;0&#8243; image_max_width=&#8221;none&#8221; global_colors_info=&#8221;{}&#8221; title_text=&#8221;logo-foro-nuclear&#8221; sticky_enabled=&#8221;0&#8243;][\/et_pb_blurb][et_pb_blurb title=&#8221;World Nuclear Association&#8221; url_new_window=&#8221;on&#8221; image=&#8221;https:\/\/www.niatr.org\/wp-content\/uploads\/2022\/12\/logo-wna.png&#8221; image_icon_width=&#8221;none&#8221; admin_label=&#8221;World Nuclear Association&#8221; _builder_version=&#8221;4.19.3&#8243; background_size=&#8221;initial&#8221; background_position=&#8221;top_left&#8221; background_repeat=&#8221;repeat&#8221; text_orientation=&#8221;center&#8221; hover_enabled=&#8221;0&#8243; image_max_width=&#8221;none&#8221; global_colors_info=&#8221;{}&#8221; title_text=&#8221;logo-wna&#8221; sticky_enabled=&#8221;0&#8243;][\/et_pb_blurb][et_pb_blurb title=&#8221;ACCNI&#8221; url_new_window=&#8221;on&#8221; image=&#8221;https:\/\/www.niatr.org\/wp-content\/uploads\/2022\/12\/logo-accni.png&#8221; image_icon_width=&#8221;none&#8221; admin_label=&#8221;ACCNI&#8221; _builder_version=&#8221;4.19.3&#8243; background_size=&#8221;initial&#8221; background_position=&#8221;top_left&#8221; background_repeat=&#8221;repeat&#8221; text_orientation=&#8221;center&#8221; hover_enabled=&#8221;0&#8243; image_max_width=&#8221;none&#8221; global_colors_info=&#8221;{}&#8221; title_text=&#8221;logo-accni&#8221; sticky_enabled=&#8221;0&#8243;][\/et_pb_blurb][et_pb_blurb title=&#8221;KNA&#8221; url_new_window=&#8221;on&#8221; image=&#8221;https:\/\/www.niatr.org\/wp-content\/uploads\/2023\/07\/logo-kna.png&#8221; image_icon_width=&#8221;none&#8221; admin_label=&#8221;KNA&#8221; _builder_version=&#8221;4.19.3&#8243; background_size=&#8221;initial&#8221; background_position=&#8221;top_left&#8221; background_repeat=&#8221;repeat&#8221; text_orientation=&#8221;center&#8221; hover_enabled=&#8221;0&#8243; image_max_width=&#8221;none&#8221; global_colors_info=&#8221;{}&#8221; title_text=&#8221;logo-kna&#8221; sticky_enabled=&#8221;0&#8243;][\/et_pb_blurb][et_pb_blurb title=&#8221;New Nuclear Watch Institute&#8221; url_new_window=&#8221;on&#8221; image=&#8221;https:\/\/www.niatr.org\/wp-content\/uploads\/2023\/07\/logo-nnwi.png&#8221; image_icon_width=&#8221;none&#8221; admin_label=&#8221;New Nuclear Watch Institute&#8221; _builder_version=&#8221;4.19.3&#8243; background_size=&#8221;initial&#8221; background_position=&#8221;top_left&#8221; background_repeat=&#8221;repeat&#8221; text_orientation=&#8221;center&#8221; hover_enabled=&#8221;0&#8243; image_max_width=&#8221;none&#8221; global_colors_info=&#8221;{}&#8221; title_text=&#8221;logo-nnwi&#8221; sticky_enabled=&#8221;0&#8243;][\/et_pb_blurb][\/et_pb_column][\/et_pb_row][\/et_pb_section]<\/p>\n","protected":false},"excerpt":{"rendered":"","protected":false},"author":2,"featured_media":0,"parent":0,"menu_order":40,"comment_status":"closed","ping_status":"closed","template":"","meta":{"_et_pb_use_builder":"on","_et_pb_old_content":"","_et_gb_content_width":"","footnotes":"","_links_to":"","_links_to_target":""},"class_list":["post-28","page","type-page","status-publish","hentry"],"_links":{"self":[{"href":"https:\/\/www.niatr.org\/tr\/wp-json\/wp\/v2\/pages\/28","targetHints":{"allow":["GET"]}}],"collection":[{"href":"https:\/\/www.niatr.org\/tr\/wp-json\/wp\/v2\/pages"}],"about":[{"href":"https:\/\/www.niatr.org\/tr\/wp-json\/wp\/v2\/types\/page"}],"author":[{"embeddable":true,"href":"https:\/\/www.niatr.org\/tr\/wp-json\/wp\/v2\/users\/2"}],"replies":[{"embeddable":true,"href":"https:\/\/www.niatr.org\/tr\/wp-json\/wp\/v2\/comments?post=28"}],"version-history":[{"count":0,"href":"https:\/\/www.niatr.org\/tr\/wp-json\/wp\/v2\/pages\/28\/revisions"}],"wp:attachment":[{"href":"https:\/\/www.niatr.org\/tr\/wp-json\/wp\/v2\/media?parent=28"}],"curies":[{"name":"wp","href":"https:\/\/api.w.org\/{rel}","templated":true}]}}