{"id":6742,"date":"2020-07-16T11:37:06","date_gmt":"2020-07-16T08:37:06","guid":{"rendered":"https:\/\/www.niatr.org\/?page_id=6742"},"modified":"2026-03-31T12:06:35","modified_gmt":"2026-03-31T09:06:35","slug":"ekibimiz","status":"publish","type":"page","link":"https:\/\/www.niatr.org\/tr\/ekibimiz\/","title":{"rendered":"Ekibimiz"},"content":{"rendered":"<p>[et_pb_section fb_built=&#8221;1&#8243; inner_shadow=&#8221;on&#8221; fullwidth=&#8221;on&#8221; admin_label=&#8221;section&#8221; _builder_version=&#8221;4.16&#8243; background_color=&#8221;#e4f2f6&#8243; transparent_background=&#8221;off&#8221; global_colors_info=&#8221;{}&#8221;][et_pb_fullwidth_header title=&#8221;Ekibimiz&#8221; content_max_width=&#8221;none&#8221; admin_label=&#8221;Tam geni\u015flik Ba\u015fl\u0131\u011f\u0131&#8221; _builder_version=&#8221;4.27.4&#8243; background_color=&#8221;rgba(255, 255, 255, 0)&#8221; background_layout=&#8221;light&#8221; global_colors_info=&#8221;{}&#8221; button_one_text_size__hover_enabled=&#8221;off&#8221; button_two_text_size__hover_enabled=&#8221;off&#8221; button_one_text_color__hover_enabled=&#8221;off&#8221; button_two_text_color__hover_enabled=&#8221;off&#8221; button_one_border_width__hover_enabled=&#8221;off&#8221; button_two_border_width__hover_enabled=&#8221;off&#8221; button_one_border_color__hover_enabled=&#8221;off&#8221; button_two_border_color__hover_enabled=&#8221;off&#8221; button_one_border_radius__hover_enabled=&#8221;off&#8221; button_two_border_radius__hover_enabled=&#8221;off&#8221; button_one_letter_spacing__hover_enabled=&#8221;off&#8221; button_two_letter_spacing__hover_enabled=&#8221;off&#8221; button_one_bg_color__hover_enabled=&#8221;off&#8221; button_two_bg_color__hover_enabled=&#8221;off&#8221;][\/et_pb_fullwidth_header][\/et_pb_section][et_pb_section fb_built=&#8221;1&#8243; _builder_version=&#8221;4.27.4&#8243; _module_preset=&#8221;default&#8221; background_image=&#8221;https:\/\/www.niatr.org\/wp-content\/uploads\/2025\/04\/BG.png&#8221; background_size=&#8221;contain&#8221; background_position=&#8221;bottom_center&#8221; custom_padding=&#8221;||140px||false|false&#8221; locked=&#8221;off&#8221; global_colors_info=&#8221;{}&#8221;][et_pb_row _builder_version=&#8221;4.27.4&#8243; _module_preset=&#8221;default&#8221; global_colors_info=&#8221;{}&#8221;][et_pb_column type=&#8221;4_4&#8243; _builder_version=&#8221;4.27.4&#8243; _module_preset=&#8221;default&#8221; global_colors_info=&#8221;{}&#8221;][et_pb_text _builder_version=&#8221;4.27.4&#8243; _module_preset=&#8221;default&#8221; header_2_text_align=&#8221;center&#8221; header_2_text_color=&#8221;#066db4&#8243; global_colors_info=&#8221;{}&#8221;]<\/p>\n<h2><strong>Organizasyon \u015eemas\u0131<\/strong><\/h2>\n<p>[\/et_pb_text][\/et_pb_column][\/et_pb_row][et_pb_row _builder_version=&#8221;4.27.4&#8243; _module_preset=&#8221;default&#8221; global_colors_info=&#8221;{}&#8221;][et_pb_column type=&#8221;4_4&#8243; _builder_version=&#8221;4.27.4&#8243; _module_preset=&#8221;default&#8221; global_colors_info=&#8221;{}&#8221;][et_pb_blurb title=&#8221;Alikaan \u00c7ift\u00e7i&#8221; image=&#8221;https:\/\/www.niatr.org\/wp-content\/uploads\/2025\/04\/Alikaan-Ciftci.jpg&#8221; content_max_width=&#8221;230px&#8221; content_max_width_tablet=&#8221;230px&#8221; content_max_width_phone=&#8221;550px&#8221; content_max_width_last_edited=&#8221;on|tablet&#8221; _builder_version=&#8221;4.27.4&#8243; _module_preset=&#8221;default&#8221; header_text_align=&#8221;center&#8221; header_font_size=&#8221;21px&#8221; global_colors_info=&#8221;{}&#8221;]<\/p>\n<p><img decoding=\"async\" data-src=\"https:\/\/www.niatr.org\/wp-content\/uploads\/2025\/04\/Baskan.png\" width=\"207\" height=\"46\" alt=\"\" class=\"wp-image-7324 aligncenter size-full lazyload\" src=\"data:image\/svg+xml;base64,PHN2ZyB3aWR0aD0iMSIgaGVpZ2h0PSIxIiB4bWxucz0iaHR0cDovL3d3dy53My5vcmcvMjAwMC9zdmciPjwvc3ZnPg==\" style=\"--smush-placeholder-width: 207px; --smush-placeholder-aspect-ratio: 207\/46;\" \/><\/p>\n<p>[\/et_pb_blurb][\/et_pb_column][\/et_pb_row][et_pb_row _builder_version=&#8221;4.27.4&#8243; _module_preset=&#8221;default&#8221; width=&#8221;90%&#8221; max_width=&#8221;1200px&#8221; custom_padding=&#8221;|3%||3%|false|true&#8221; border_radii=&#8221;on|30px|30px|30px|30px&#8221; border_width_all=&#8221;2px&#8221; border_color_all=&#8221;#066db4&#8243; locked=&#8221;off&#8221; global_colors_info=&#8221;{}&#8221;][et_pb_column type=&#8221;4_4&#8243; _builder_version=&#8221;4.27.4&#8243; _module_preset=&#8221;default&#8221; global_colors_info=&#8221;{}&#8221;][et_pb_image src=&#8221;https:\/\/www.niatr.org\/wp-content\/uploads\/2025\/04\/Baskan-Yardimcilari.png&#8221; title_text=&#8221;Baskan Yardimcilari&#8221; align=&#8221;center&#8221; _builder_version=&#8221;4.27.4&#8243; _module_preset=&#8221;default&#8221; max_width=&#8221;240px&#8221; locked=&#8221;off&#8221; global_colors_info=&#8221;{}&#8221;][\/et_pb_image][et_pb_blurb title=&#8221;Onur Koray Yenig\u00fcrb\u00fcz&#8221; image=&#8221;https:\/\/www.niatr.org\/wp-content\/uploads\/2025\/04\/Onur-Koray-Yenigurbuz.jpg&#8221; content_max_width=&#8221;230px&#8221; content_max_width_tablet=&#8221;230px&#8221; content_max_width_phone=&#8221;100%&#8221; content_max_width_last_edited=&#8221;on|phone&#8221; _builder_version=&#8221;4.27.4&#8243; _module_preset=&#8221;default&#8221; header_text_align=&#8221;center&#8221; header_font_size=&#8221;18px&#8221; header_line_height=&#8221;1.2em&#8221; width=&#8221;30%&#8221; width_tablet=&#8221;30%&#8221; width_phone=&#8221;30%&#8221; width_last_edited=&#8221;on|phone&#8221; custom_css_main_element=&#8221;max-width: 30%;||display: inline;||float: left;||margin-right: 3%;&#8221; global_colors_info=&#8221;{}&#8221; custom_css_main_element_last_edited=&#8221;on|desktop&#8221; custom_css_main_element_tablet=&#8221;max-width: 31%;||display: inline;||float: left;||margin-right: 2%;&#8221; custom_css_main_element_phone=&#8221;max-width: 100%;||display: block;||float: none;||margin-right: 0;&#8221;][\/et_pb_blurb][et_pb_blurb title=&#8221;\u015eevket Alacac\u0131&#8221; image=&#8221;https:\/\/www.niatr.org\/wp-content\/uploads\/2025\/04\/Sevket-Alacaci.jpg&#8221; content_max_width=&#8221;230px&#8221; content_max_width_tablet=&#8221;230px&#8221; content_max_width_phone=&#8221;100%&#8221; content_max_width_last_edited=&#8221;on|phone&#8221; _builder_version=&#8221;4.27.4&#8243; _module_preset=&#8221;default&#8221; header_text_align=&#8221;center&#8221; header_font_size=&#8221;18px&#8221; header_line_height=&#8221;1.2em&#8221; width=&#8221;30%&#8221; width_tablet=&#8221;30%&#8221; width_phone=&#8221;30%&#8221; width_last_edited=&#8221;on|phone&#8221; custom_css_main_element=&#8221;max-width: 30%;||display: inline;||float: left;||margin-right: 3%;&#8221; locked=&#8221;off&#8221; global_colors_info=&#8221;{}&#8221; custom_css_main_element_tablet=&#8221;max-width: 31%;||display: inline;||float: left;||margin-right: 2%;&#8221; custom_css_main_element_last_edited=&#8221;on|desktop&#8221; custom_css_main_element_phone=&#8221;max-width: 100%;||display: block;||float: none;||margin-right: 0;&#8221;][\/et_pb_blurb][et_pb_blurb title=&#8221;\u00d6mer Kaya&#8221; image=&#8221;https:\/\/www.niatr.org\/wp-content\/uploads\/2025\/04\/Omer-Kaya.jpg&#8221; content_max_width=&#8221;230px&#8221; content_max_width_tablet=&#8221;230px&#8221; content_max_width_phone=&#8221;100%&#8221; content_max_width_last_edited=&#8221;on|phone&#8221; _builder_version=&#8221;4.27.4&#8243; _module_preset=&#8221;default&#8221; header_text_align=&#8221;center&#8221; header_font_size=&#8221;18px&#8221; header_line_height=&#8221;1.2em&#8221; width=&#8221;30%&#8221; width_tablet=&#8221;30%&#8221; width_phone=&#8221;30%&#8221; width_last_edited=&#8221;on|phone&#8221; custom_css_main_element=&#8221;max-width: 30%;||display: inline;||float: left;||margin-right: 3%;&#8221; locked=&#8221;off&#8221; global_colors_info=&#8221;{}&#8221; custom_css_main_element_tablet=&#8221;max-width: 31%;||display: inline;||float: left;||margin-right: 2%;&#8221; custom_css_main_element_last_edited=&#8221;on|desktop&#8221; custom_css_main_element_phone=&#8221;max-width: 100%;||display: block;||float: none;||margin-right: 0;&#8221;][\/et_pb_blurb][et_pb_blurb title=&#8221;Antoine Bondoux&#8221; image=&#8221;https:\/\/www.niatr.org\/wp-content\/uploads\/2025\/04\/Antoine-Bondoux.jpg&#8221; content_max_width=&#8221;230px&#8221; content_max_width_tablet=&#8221;230px&#8221; content_max_width_phone=&#8221;100%&#8221; content_max_width_last_edited=&#8221;on|phone&#8221; _builder_version=&#8221;4.27.4&#8243; _module_preset=&#8221;default&#8221; header_text_align=&#8221;center&#8221; header_font_size=&#8221;18px&#8221; header_line_height=&#8221;1.2em&#8221; width=&#8221;30%&#8221; width_tablet=&#8221;30%&#8221; width_phone=&#8221;30%&#8221; width_last_edited=&#8221;on|phone&#8221; custom_css_main_element=&#8221;max-width: 30%;||display: inline;||float: left;||margin-right: 3%;&#8221; locked=&#8221;off&#8221; global_colors_info=&#8221;{}&#8221; custom_css_main_element_tablet=&#8221;max-width: 31%;||display: inline;||float: left;||margin-right: 2%;&#8221; custom_css_main_element_last_edited=&#8221;on|desktop&#8221; custom_css_main_element_phone=&#8221;max-width: 100%;||display: block;||float: none;||margin-right: 0;&#8221;][\/et_pb_blurb][et_pb_blurb title=&#8221;Gizem \u00d6zden&#8221; image=&#8221;https:\/\/www.niatr.org\/wp-content\/uploads\/2025\/04\/Gizem-Ozden.jpg&#8221; content_max_width=&#8221;230px&#8221; content_max_width_tablet=&#8221;230px&#8221; content_max_width_phone=&#8221;100%&#8221; content_max_width_last_edited=&#8221;on|phone&#8221; _builder_version=&#8221;4.27.4&#8243; _module_preset=&#8221;default&#8221; header_text_align=&#8221;center&#8221; header_font_size=&#8221;18px&#8221; header_line_height=&#8221;1.2em&#8221; width=&#8221;30%&#8221; width_tablet=&#8221;30%&#8221; width_phone=&#8221;30%&#8221; width_last_edited=&#8221;on|phone&#8221; custom_css_main_element=&#8221;max-width: 30%;||display: inline;||float: left;||margin-right: 3%;&#8221; locked=&#8221;off&#8221; global_colors_info=&#8221;{}&#8221; custom_css_main_element_tablet=&#8221;max-width: 31%;||display: inline;||float: left;||margin-right: 2%;&#8221; custom_css_main_element_last_edited=&#8221;on|desktop&#8221; custom_css_main_element_phone=&#8221;max-width: 100%;||display: block;||float: none;||margin-right: 0;&#8221;][\/et_pb_blurb][et_pb_blurb title=&#8221;Bar\u0131\u015f G\u00fcner&#8221; image=&#8221;https:\/\/www.niatr.org\/wp-content\/uploads\/2026\/02\/Baris-Guner.jpg&#8221; content_max_width=&#8221;230px&#8221; content_max_width_tablet=&#8221;230px&#8221; content_max_width_phone=&#8221;100%&#8221; content_max_width_last_edited=&#8221;on|phone&#8221; admin_label=&#8221;Bar\u0131\u015f G\u00fcner&#8221; _builder_version=&#8221;4.27.4&#8243; _module_preset=&#8221;default&#8221; header_text_align=&#8221;center&#8221; header_font_size=&#8221;18px&#8221; header_line_height=&#8221;1.2em&#8221; width=&#8221;30%&#8221; width_tablet=&#8221;30%&#8221; width_phone=&#8221;30%&#8221; width_last_edited=&#8221;on|phone&#8221; custom_css_main_element=&#8221;max-width: 30%;||display: inline;||float: left;||margin-right: 3%;&#8221; locked=&#8221;off&#8221; global_colors_info=&#8221;{}&#8221; custom_css_main_element_tablet=&#8221;max-width: 31%;||display: inline;||float: left;||margin-right: 2%;&#8221; custom_css_main_element_last_edited=&#8221;on|desktop&#8221; custom_css_main_element_phone=&#8221;max-width: 100%;||display: block;||float: none;||margin-right: 0;&#8221;][\/et_pb_blurb][\/et_pb_column][\/et_pb_row][et_pb_row _builder_version=&#8221;4.27.4&#8243; _module_preset=&#8221;default&#8221; width=&#8221;90%&#8221; max_width=&#8221;1200px&#8221; hover_enabled=&#8221;0&#8243; global_colors_info=&#8221;{}&#8221; sticky_enabled=&#8221;0&#8243; custom_padding=&#8221;|3%||3%|false|true&#8221; locked=&#8221;off&#8221;][et_pb_column type=&#8221;4_4&#8243; _builder_version=&#8221;4.27.4&#8243; _module_preset=&#8221;default&#8221; custom_padding=&#8221;|2%||2%|false|true&#8221; global_colors_info=&#8221;{}&#8221;][et_pb_image src=&#8221;https:\/\/www.niatr.org\/wp-content\/uploads\/2025\/04\/Roles.jpg&#8221; title_text=&#8221;Roles&#8221; align=&#8221;center&#8221; _builder_version=&#8221;4.27.4&#8243; _module_preset=&#8221;default&#8221; max_width=&#8221;260px&#8221; module_alignment=&#8221;center&#8221; locked=&#8221;off&#8221; global_colors_info=&#8221;{}&#8221;][\/et_pb_image][et_pb_blurb title=&#8221;U\u011fur Aytuna&#8221; image=&#8221;https:\/\/www.niatr.org\/wp-content\/uploads\/2025\/04\/Ugur-Aytuna.jpg&#8221; _builder_version=&#8221;4.27.4&#8243; _module_preset=&#8221;default&#8221; header_text_align=&#8221;center&#8221; header_font_size=&#8221;18px&#8221; header_line_height=&#8221;1.2em&#8221; hover_enabled=&#8221;0&#8243; custom_css_main_element=&#8221;max-width: 31%;||display: inline;||float: left;||margin-right: 2%;&#8221; locked=&#8221;off&#8221; global_colors_info=&#8221;{}&#8221; custom_css_main_element_last_edited=&#8221;on|phone&#8221; custom_css_main_element_tablet=&#8221;max-width: 31%;||display: inline;||float: left;||margin-right: 2%;&#8221; custom_css_main_element_phone=&#8221;max-width: 100%;||display: block;||float: none;||margin-right: 0;&#8221; image_icon_width=&#8221;60%&#8221; sticky_enabled=&#8221;0&#8243;]<\/p>\n<p><img decoding=\"async\" data-src=\"https:\/\/www.niatr.org\/wp-content\/uploads\/2025\/04\/Sayman.png\" width=\"176\" height=\"41\" alt=\"\" class=\"wp-image-7332 aligncenter size-full lazyload\" src=\"data:image\/svg+xml;base64,PHN2ZyB3aWR0aD0iMSIgaGVpZ2h0PSIxIiB4bWxucz0iaHR0cDovL3d3dy53My5vcmcvMjAwMC9zdmciPjwvc3ZnPg==\" style=\"--smush-placeholder-width: 176px; --smush-placeholder-aspect-ratio: 176\/41;\" \/><\/p>\n<p>[\/et_pb_blurb][et_pb_blurb title=&#8221;Nesrin Sevimli&#8221; image=&#8221;https:\/\/www.niatr.org\/wp-content\/uploads\/2025\/04\/Nesrin-Sevimli.jpg&#8221; _builder_version=&#8221;4.27.4&#8243; _module_preset=&#8221;default&#8221; header_text_align=&#8221;center&#8221; header_font_size=&#8221;18px&#8221; header_line_height=&#8221;1.2em&#8221; custom_css_main_element=&#8221;max-width: 31%;||display: inline;||float: left;||margin-right: 2%;&#8221; locked=&#8221;off&#8221; global_colors_info=&#8221;{}&#8221; custom_css_main_element_last_edited=&#8221;on|phone&#8221; custom_css_main_element_tablet=&#8221;max-width: 31%;||display: inline;||float: left;||margin-right: 2%;&#8221; custom_css_main_element_phone=&#8221;max-width: 100%;||display: block;||float: none;||margin-right: 0;&#8221; image_icon_width=&#8221;60%&#8221; hover_enabled=&#8221;0&#8243; sticky_enabled=&#8221;0&#8243;]<\/p>\n<p><img decoding=\"async\" data-src=\"https:\/\/www.niatr.org\/wp-content\/uploads\/2025\/04\/Genel-Sekreter.png\" width=\"178\" height=\"36\" alt=\"\" class=\"wp-image-7330 alignnone size-full lazyload\" style=\"--smush-placeholder-width: 178px; --smush-placeholder-aspect-ratio: 178\/36;display: block; margin-left: auto; margin-right: auto;\" src=\"data:image\/svg+xml;base64,PHN2ZyB3aWR0aD0iMSIgaGVpZ2h0PSIxIiB4bWxucz0iaHR0cDovL3d3dy53My5vcmcvMjAwMC9zdmciPjwvc3ZnPg==\" \/><\/p>\n<p>[\/et_pb_blurb][et_pb_blurb title=&#8221;Okan Y\u0131ld\u0131z&#8221; image=&#8221;https:\/\/www.niatr.org\/wp-content\/uploads\/2025\/04\/Okan-Yildiz.jpg&#8221; _builder_version=&#8221;4.27.4&#8243; _module_preset=&#8221;default&#8221; header_text_align=&#8221;center&#8221; header_font_size=&#8221;18px&#8221; header_line_height=&#8221;1.2em&#8221; custom_css_main_element=&#8221;max-width: 31%;||display: inline;||float: left;||margin-right: 2%;&#8221; locked=&#8221;off&#8221; global_colors_info=&#8221;{}&#8221; custom_css_main_element_last_edited=&#8221;on|phone&#8221; custom_css_main_element_tablet=&#8221;max-width: 31%;||display: inline;||float: left;||margin-right: 2%;&#8221; custom_css_main_element_phone=&#8221;max-width: 100%;||display: block;||float: none;||margin-right: 0;&#8221; image_icon_width=&#8221;60%&#8221; hover_enabled=&#8221;0&#8243; sticky_enabled=&#8221;0&#8243;]<\/p>\n<p><img decoding=\"async\" data-src=\"https:\/\/www.niatr.org\/wp-content\/uploads\/2025\/04\/Sekreter.png\" width=\"176\" height=\"41\" alt=\"\" class=\"wp-image-7328 aligncenter size-full lazyload\" src=\"data:image\/svg+xml;base64,PHN2ZyB3aWR0aD0iMSIgaGVpZ2h0PSIxIiB4bWxucz0iaHR0cDovL3d3dy53My5vcmcvMjAwMC9zdmciPjwvc3ZnPg==\" style=\"--smush-placeholder-width: 176px; --smush-placeholder-aspect-ratio: 176\/41;\" \/><\/p>\n<p>[\/et_pb_blurb][\/et_pb_column][\/et_pb_row][et_pb_row _builder_version=&#8221;4.27.4&#8243; _module_preset=&#8221;default&#8221; width=&#8221;90%&#8221; max_width=&#8221;1200px&#8221; hover_enabled=&#8221;0&#8243; global_colors_info=&#8221;{}&#8221; sticky_enabled=&#8221;0&#8243; custom_padding=&#8221;|3%||3%|false|true&#8221; locked=&#8221;off&#8221;][et_pb_column type=&#8221;4_4&#8243; _builder_version=&#8221;4.27.4&#8243; _module_preset=&#8221;default&#8221; custom_padding=&#8221;|2%||2%|false|true&#8221; border_radii=&#8221;on|30px|30px|30px|30px&#8221; border_width_all=&#8221;2px&#8221; border_color_all=&#8221;#066db4&#8243; global_colors_info=&#8221;{}&#8221;][et_pb_image src=&#8221;https:\/\/www.niatr.org\/wp-content\/uploads\/2025\/04\/Asil-Uyeler.png&#8221; title_text=&#8221;Asil Uyeler&#8221; align=&#8221;center&#8221; _builder_version=&#8221;4.27.4&#8243; _module_preset=&#8221;default&#8221; max_width=&#8221;260px&#8221; module_alignment=&#8221;center&#8221; global_colors_info=&#8221;{}&#8221; locked=&#8221;off&#8221;][\/et_pb_image][et_pb_blurb title=&#8221;Kaan S\u00fcmer&#8221; image=&#8221;https:\/\/www.niatr.org\/wp-content\/uploads\/2025\/04\/Kaan-Sumer.jpg&#8221; _builder_version=&#8221;4.27.4&#8243; _module_preset=&#8221;default&#8221; header_text_align=&#8221;center&#8221; header_font_size=&#8221;18px&#8221; header_line_height=&#8221;1.2em&#8221; custom_css_main_element=&#8221;max-width: 24%;||display: inline;||float: left;||margin-right: 1%;&#8221; locked=&#8221;off&#8221; global_colors_info=&#8221;{}&#8221; custom_css_main_element_last_edited=&#8221;on|phone&#8221; custom_css_main_element_tablet=&#8221;max-width: 31%;||display: inline;||float: left;||margin-right: 2%;&#8221; custom_css_main_element_phone=&#8221;max-width: 100%;||display: block;||float: none;||margin-right: 0;&#8221; image_icon_width=&#8221;60%&#8221; hover_enabled=&#8221;0&#8243; sticky_enabled=&#8221;0&#8243;][\/et_pb_blurb][et_pb_blurb title=&#8221;Mert Albayrak&#8221; image=&#8221;https:\/\/www.niatr.org\/wp-content\/uploads\/2025\/04\/Mert-Albayrak.jpg&#8221; _builder_version=&#8221;4.27.4&#8243; _module_preset=&#8221;default&#8221; header_text_align=&#8221;center&#8221; header_font_size=&#8221;18px&#8221; header_line_height=&#8221;1.2em&#8221; custom_css_main_element=&#8221;max-width: 24%;||display: inline;||float: left;||margin-right: 1%;&#8221; locked=&#8221;off&#8221; global_colors_info=&#8221;{}&#8221; custom_css_main_element_last_edited=&#8221;on|phone&#8221; custom_css_main_element_tablet=&#8221;max-width: 31%;||display: inline;||float: left;||margin-right: 2%;&#8221; custom_css_main_element_phone=&#8221;max-width: 100%;||display: block;||float: none;||margin-right: 0;&#8221; image_icon_width=&#8221;60%&#8221;][\/et_pb_blurb][et_pb_blurb title=&#8221;Bar\u0131\u015f Ya\u011fc\u0131&#8221; image=&#8221;https:\/\/www.niatr.org\/wp-content\/uploads\/2025\/04\/Baris-Yagci.jpg&#8221; _builder_version=&#8221;4.27.4&#8243; _module_preset=&#8221;default&#8221; header_text_align=&#8221;center&#8221; header_font_size=&#8221;18px&#8221; header_line_height=&#8221;1.2em&#8221; custom_css_main_element=&#8221;max-width: 24%;||display: inline;||float: left;||margin-right: 1%;&#8221; locked=&#8221;off&#8221; global_colors_info=&#8221;{}&#8221; custom_css_main_element_last_edited=&#8221;on|phone&#8221; custom_css_main_element_tablet=&#8221;max-width: 31%;||display: inline;||float: left;||margin-right: 2%;&#8221; custom_css_main_element_phone=&#8221;max-width: 100%;||display: block;||float: none;||margin-right: 0;&#8221; image_icon_width=&#8221;60%&#8221;][\/et_pb_blurb][et_pb_blurb title=&#8221;Esra Songur&#8221; image=&#8221;https:\/\/www.niatr.org\/wp-content\/uploads\/2026\/03\/esra-songur.jpg&#8221; _builder_version=&#8221;4.27.4&#8243; _module_preset=&#8221;default&#8221; header_text_align=&#8221;center&#8221; header_font_size=&#8221;18px&#8221; header_line_height=&#8221;1.2em&#8221; custom_css_main_element=&#8221;max-width: 24%;||display: inline;||float: left;||margin-right: 1%;&#8221; locked=&#8221;off&#8221; global_colors_info=&#8221;{}&#8221; custom_css_main_element_last_edited=&#8221;on|phone&#8221; custom_css_main_element_tablet=&#8221;max-width: 31%;||display: inline;||float: left;||margin-right: 2%;&#8221; custom_css_main_element_phone=&#8221;max-width: 100%;||display: block;||float: none;||margin-right: 0;&#8221; image_icon_width=&#8221;60%&#8221; title_text=&#8221;esra-songur&#8221; hover_enabled=&#8221;0&#8243; sticky_enabled=&#8221;0&#8243;][\/et_pb_blurb][\/et_pb_column][\/et_pb_row][\/et_pb_section]<\/p>\n","protected":false},"excerpt":{"rendered":"<p>Organizasyon \u015eemas\u0131<\/p>\n","protected":false},"author":2,"featured_media":0,"parent":0,"menu_order":10,"comment_status":"closed","ping_status":"closed","template":"","meta":{"_et_pb_use_builder":"on","_et_pb_old_content":"","_et_gb_content_width":"","footnotes":"","_links_to":"","_links_to_target":""},"class_list":["post-6742","page","type-page","status-publish","hentry"],"_links":{"self":[{"href":"https:\/\/www.niatr.org\/tr\/wp-json\/wp\/v2\/pages\/6742","targetHints":{"allow":["GET"]}}],"collection":[{"href":"https:\/\/www.niatr.org\/tr\/wp-json\/wp\/v2\/pages"}],"about":[{"href":"https:\/\/www.niatr.org\/tr\/wp-json\/wp\/v2\/types\/page"}],"author":[{"embeddable":true,"href":"https:\/\/www.niatr.org\/tr\/wp-json\/wp\/v2\/users\/2"}],"replies":[{"embeddable":true,"href":"https:\/\/www.niatr.org\/tr\/wp-json\/wp\/v2\/comments?post=6742"}],"version-history":[{"count":0,"href":"https:\/\/www.niatr.org\/tr\/wp-json\/wp\/v2\/pages\/6742\/revisions"}],"wp:attachment":[{"href":"https:\/\/www.niatr.org\/tr\/wp-json\/wp\/v2\/media?parent=6742"}],"curies":[{"name":"wp","href":"https:\/\/api.w.org\/{rel}","templated":true}]}}